{"id":18361,"date":"2019-12-12T11:13:44","date_gmt":"2019-12-12T11:13:44","guid":{"rendered":"https:\/\/www.imosantonio.pt\/about-us\/"},"modified":"2020-01-31T11:03:54","modified_gmt":"2020-01-31T11:03:54","slug":"about-us","status":"publish","type":"page","link":"https:\/\/www.imosantonio.pt\/en\/about-us\/","title":{"rendered":"About Us"},"content":{"rendered":"<div id=\"pl-18314\" class=\"panel-layout\">\r\n<div id=\"pg-18314-0\" class=\"panel-grid panel-no-style\">\r\n<div id=\"pgc-18314-0-0\" class=\"panel-grid-cell\" data-weight=\"1\">\r\n<div id=\"panel-18314-0-0-0\" class=\"so-panel widget widget_sow-editor panel-first-child panel-last-child\" data-index=\"0\" data-style=\"{&quot;background_image_attachment&quot;:false,&quot;background_display&quot;:&quot;tile&quot;}\">\r\n<div class=\"so-widget-sow-editor so-widget-sow-editor-base\">\r\n<div class=\"siteorigin-widget-tinymce textwidget\">\r\n\r\n\r\n\r\n<b>Imobili\u00e1ria Santo Ant\u00f3nio<\/b>, with offices in <b>Carvoeiro<\/b> and <b>Almancil<\/b>, is a company with a young, determined and adaptable team that provides purchasing services, sale and rental of properties. We guarantee a complete service, according to the individual needs of each client and business, with all the rigor and professionalism.\r\nFor us, each property is unique and for that reason we have specialized, individualized and personalized professional advice so that the best deal is made, whether to buy, sell or rent, and that both parties (buyer and seller) are satisfied throughout of the entire process.\r\n\r\nOur services include marketing and advertising for the purchase, sale or lease of your property, nationally and internationally through the most varied real estate portals.\r\nIf you intend to sell \/ rent, we ensure the monitoring of the entire process of buying, selling and renting, promoting the property and subsequently monitoring the results and interactions.\r\nIf, on the other hand, you want to monetize your property through long or short term rentals, we are available to carry out all the necessary processes such as reservation and customer management, check-in and check-out, laundry service, maintenance of gardens and swimming pools, works and remodeling, repairs etc.\r\nWe have several reliable partners ready to act if necessary.\r\n\r\nDo you want to buy, sell, rent or rent your property or property? <a href=\"https:\/\/www.imosantonio.pt\/en\/contacts\/\">Talk to us!<\/a>\r\n\r\n\r\n\r\n<\/div>\r\n<\/div>\r\n<\/div>\r\n<\/div>\r\n<\/div>\r\n<\/div>","protected":false},"excerpt":{"rendered":"<p>Imobili\u00e1ria Santo Ant\u00f3nio, with offices in Carvoeiro and Almancil, is a company with a young, determined and adaptable team that provides purchasing services, sale and rental of properties. We guarantee a complete service, according to the individual needs of each client and business, with all the rigor and professionalism. For us, each property is unique and for that reason we have specialized, individualized and &#8230;<\/p>\n","protected":false},"author":1,"featured_media":0,"parent":0,"menu_order":0,"comment_status":"closed","ping_status":"closed","template":"","meta":{"footnotes":""},"class_list":["post-18361","page","type-page","status-publish","hentry"],"yoast_head":"<!-- This site is optimized with the Yoast SEO plugin v27.3 - https:\/\/yoast.com\/product\/yoast-seo-wordpress\/ -->\n<title>About Us | Imobili\u00e1ria Santo Ant\u00f3nio | Portugal<\/title>\n<meta name=\"robots\" content=\"index, follow, max-snippet:-1, max-image-preview:large, max-video-preview:-1\" \/>\n<link rel=\"canonical\" href=\"https:\/\/www.imosantonio.pt\/en\/about-us\/\" \/>\n<meta property=\"og:locale\" content=\"en_US\" \/>\n<meta property=\"og:type\" content=\"article\" \/>\n<meta property=\"og:title\" content=\"About Us | Imobili\u00e1ria Santo Ant\u00f3nio | Portugal\" \/>\n<meta property=\"og:description\" content=\"Imobili\u00e1ria Santo Ant\u00f3nio, with offices in Carvoeiro and Almancil, is a company with a young, determined and adaptable team that provides purchasing services, sale and rental of properties. We guarantee a complete service, according to the individual needs of each client and business, with all the rigor and professionalism. For us, each property is unique and for that reason we have specialized, individualized and ...\" \/>\n<meta property=\"og:url\" content=\"https:\/\/www.imosantonio.pt\/en\/about-us\/\" \/>\n<meta property=\"og:site_name\" content=\"Imobili\u00e1ria Santo Ant\u00f3nio\" \/>\n<meta property=\"article:modified_time\" content=\"2020-01-31T11:03:54+00:00\" \/>\n<meta name=\"twitter:card\" content=\"summary_large_image\" \/>\n<meta name=\"twitter:label1\" content=\"Est. reading time\" \/>\n\t<meta name=\"twitter:data1\" content=\"1 minute\" \/>\n<script type=\"application\/ld+json\" class=\"yoast-schema-graph\">{\"@context\":\"https:\\\/\\\/schema.org\",\"@graph\":[{\"@type\":\"WebPage\",\"@id\":\"https:\\\/\\\/www.imosantonio.pt\\\/en\\\/about-us\\\/\",\"url\":\"https:\\\/\\\/www.imosantonio.pt\\\/en\\\/about-us\\\/\",\"name\":\"About Us | Imobili\u00e1ria Santo Ant\u00f3nio | Portugal\",\"isPartOf\":{\"@id\":\"https:\\\/\\\/www.imosantonio.pt\\\/#website\"},\"datePublished\":\"2019-12-12T11:13:44+00:00\",\"dateModified\":\"2020-01-31T11:03:54+00:00\",\"breadcrumb\":{\"@id\":\"https:\\\/\\\/www.imosantonio.pt\\\/en\\\/about-us\\\/#breadcrumb\"},\"inLanguage\":\"en-US\",\"potentialAction\":[{\"@type\":\"ReadAction\",\"target\":[\"https:\\\/\\\/www.imosantonio.pt\\\/en\\\/about-us\\\/\"]}]},{\"@type\":\"BreadcrumbList\",\"@id\":\"https:\\\/\\\/www.imosantonio.pt\\\/en\\\/about-us\\\/#breadcrumb\",\"itemListElement\":[{\"@type\":\"ListItem\",\"position\":1,\"name\":\"In\u00edcio\",\"item\":\"https:\\\/\\\/www.imosantonio.pt\\\/en\\\/\"},{\"@type\":\"ListItem\",\"position\":2,\"name\":\"About Us\"}]},{\"@type\":\"WebSite\",\"@id\":\"https:\\\/\\\/www.imosantonio.pt\\\/#website\",\"url\":\"https:\\\/\\\/www.imosantonio.pt\\\/\",\"name\":\"Imobili\u00e1ria Santo Ant\u00f3nio\",\"description\":\"Encontramos a casa ideal para si!\",\"publisher\":{\"@id\":\"https:\\\/\\\/www.imosantonio.pt\\\/#organization\"},\"potentialAction\":[{\"@type\":\"SearchAction\",\"target\":{\"@type\":\"EntryPoint\",\"urlTemplate\":\"https:\\\/\\\/www.imosantonio.pt\\\/?s={search_term_string}\"},\"query-input\":{\"@type\":\"PropertyValueSpecification\",\"valueRequired\":true,\"valueName\":\"search_term_string\"}}],\"inLanguage\":\"en-US\"},{\"@type\":\"Organization\",\"@id\":\"https:\\\/\\\/www.imosantonio.pt\\\/#organization\",\"name\":\"Imobili\u00e1ria Santo Ant\u00f3nio\",\"url\":\"https:\\\/\\\/www.imosantonio.pt\\\/\",\"logo\":{\"@type\":\"ImageObject\",\"inLanguage\":\"en-US\",\"@id\":\"https:\\\/\\\/www.imosantonio.pt\\\/#\\\/schema\\\/logo\\\/image\\\/\",\"url\":\"https:\\\/\\\/www.imosantonio.pt\\\/wp-content\\\/uploads\\\/2019\\\/12\\\/winte_on_red.jpg\",\"contentUrl\":\"https:\\\/\\\/www.imosantonio.pt\\\/wp-content\\\/uploads\\\/2019\\\/12\\\/winte_on_red.jpg\",\"width\":500,\"height\":250,\"caption\":\"Imobili\u00e1ria Santo Ant\u00f3nio\"},\"image\":{\"@id\":\"https:\\\/\\\/www.imosantonio.pt\\\/#\\\/schema\\\/logo\\\/image\\\/\"},\"sameAs\":[\"https:\\\/\\\/www.instagram.com\\\/imosantonio\"]}]}<\/script>\n<!-- \/ Yoast SEO plugin. -->","yoast_head_json":{"title":"About Us | Imobili\u00e1ria Santo Ant\u00f3nio | Portugal","robots":{"index":"index","follow":"follow","max-snippet":"max-snippet:-1","max-image-preview":"max-image-preview:large","max-video-preview":"max-video-preview:-1"},"canonical":"https:\/\/www.imosantonio.pt\/en\/about-us\/","og_locale":"en_US","og_type":"article","og_title":"About Us | Imobili\u00e1ria Santo Ant\u00f3nio | Portugal","og_description":"Imobili\u00e1ria Santo Ant\u00f3nio, with offices in Carvoeiro and Almancil, is a company with a young, determined and adaptable team that provides purchasing services, sale and rental of properties. We guarantee a complete service, according to the individual needs of each client and business, with all the rigor and professionalism. For us, each property is unique and for that reason we have specialized, individualized and ...","og_url":"https:\/\/www.imosantonio.pt\/en\/about-us\/","og_site_name":"Imobili\u00e1ria Santo Ant\u00f3nio","article_modified_time":"2020-01-31T11:03:54+00:00","twitter_card":"summary_large_image","twitter_misc":{"Est. reading time":"1 minute"},"schema":{"@context":"https:\/\/schema.org","@graph":[{"@type":"WebPage","@id":"https:\/\/www.imosantonio.pt\/en\/about-us\/","url":"https:\/\/www.imosantonio.pt\/en\/about-us\/","name":"About Us | Imobili\u00e1ria Santo Ant\u00f3nio | Portugal","isPartOf":{"@id":"https:\/\/www.imosantonio.pt\/#website"},"datePublished":"2019-12-12T11:13:44+00:00","dateModified":"2020-01-31T11:03:54+00:00","breadcrumb":{"@id":"https:\/\/www.imosantonio.pt\/en\/about-us\/#breadcrumb"},"inLanguage":"en-US","potentialAction":[{"@type":"ReadAction","target":["https:\/\/www.imosantonio.pt\/en\/about-us\/"]}]},{"@type":"BreadcrumbList","@id":"https:\/\/www.imosantonio.pt\/en\/about-us\/#breadcrumb","itemListElement":[{"@type":"ListItem","position":1,"name":"In\u00edcio","item":"https:\/\/www.imosantonio.pt\/en\/"},{"@type":"ListItem","position":2,"name":"About Us"}]},{"@type":"WebSite","@id":"https:\/\/www.imosantonio.pt\/#website","url":"https:\/\/www.imosantonio.pt\/","name":"Imobili\u00e1ria Santo Ant\u00f3nio","description":"Encontramos a casa ideal para si!","publisher":{"@id":"https:\/\/www.imosantonio.pt\/#organization"},"potentialAction":[{"@type":"SearchAction","target":{"@type":"EntryPoint","urlTemplate":"https:\/\/www.imosantonio.pt\/?s={search_term_string}"},"query-input":{"@type":"PropertyValueSpecification","valueRequired":true,"valueName":"search_term_string"}}],"inLanguage":"en-US"},{"@type":"Organization","@id":"https:\/\/www.imosantonio.pt\/#organization","name":"Imobili\u00e1ria Santo Ant\u00f3nio","url":"https:\/\/www.imosantonio.pt\/","logo":{"@type":"ImageObject","inLanguage":"en-US","@id":"https:\/\/www.imosantonio.pt\/#\/schema\/logo\/image\/","url":"https:\/\/www.imosantonio.pt\/wp-content\/uploads\/2019\/12\/winte_on_red.jpg","contentUrl":"https:\/\/www.imosantonio.pt\/wp-content\/uploads\/2019\/12\/winte_on_red.jpg","width":500,"height":250,"caption":"Imobili\u00e1ria Santo Ant\u00f3nio"},"image":{"@id":"https:\/\/www.imosantonio.pt\/#\/schema\/logo\/image\/"},"sameAs":["https:\/\/www.instagram.com\/imosantonio"]}]}},"post_mailing_queue_ids":[],"_links":{"self":[{"href":"https:\/\/www.imosantonio.pt\/en\/wp-json\/wp\/v2\/pages\/18361\/"}],"collection":[{"href":"https:\/\/www.imosantonio.pt\/en\/wp-json\/wp\/v2\/pages\/"}],"about":[{"href":"https:\/\/www.imosantonio.pt\/en\/wp-json\/wp\/v2\/types\/page\/"}],"author":[{"embeddable":true,"href":"https:\/\/www.imosantonio.pt\/en\/wp-json\/wp\/v2\/users\/1\/"}],"replies":[{"embeddable":true,"href":"https:\/\/www.imosantonio.pt\/en\/wp-json\/wp\/v2\/comments\/?post=18361"}],"version-history":[{"count":2,"href":"https:\/\/www.imosantonio.pt\/en\/wp-json\/wp\/v2\/pages\/18361\/revisions\/"}],"predecessor-version":[{"id":19032,"href":"https:\/\/www.imosantonio.pt\/en\/wp-json\/wp\/v2\/pages\/18361\/revisions\/19032\/"}],"wp:attachment":[{"href":"https:\/\/www.imosantonio.pt\/en\/wp-json\/wp\/v2\/media\/?parent=18361"}],"curies":[{"name":"wp","href":"https:\/\/api.w.org\/{rel}","templated":true}]}}