{"id":18368,"date":"2019-12-12T11:41:44","date_gmt":"2019-12-12T11:41:44","guid":{"rendered":"https:\/\/www.imosantonio.pt\/services\/"},"modified":"2019-12-12T11:44:12","modified_gmt":"2019-12-12T11:44:12","slug":"services","status":"publish","type":"page","link":"https:\/\/www.imosantonio.pt\/fr\/services\/","title":{"rendered":"Services"},"content":{"rendered":"\r\n<p>Nous prenons en charge la location temporaire \/ les vacances de votre propri\u00e9t\u00e9 en g\u00e9rant les clients, les r\u00e9servations, les entr\u00e9es et les sorties et les services n\u00e9cessaires pour que les clients aient des vacances m\u00e9morables telles que le nettoyage, la blanchisserie, l&rsquo;assistance et la maintenance n\u00e9cessaires.<\/p>\r\n\r\n\r\n\r\n<p>Si vous le souhaitez, nous effectuons \u00e9galement des paiements pour l&rsquo;entretien de l&rsquo;eau, de l&rsquo;\u00e9lectricit\u00e9, du gaz, des jardins et des piscines.<\/p>\r\n\r\n\r\n\r\n<p>Nous faisons aussi:<\/p>\r\n<ul>\r\n<li>R\u00e9parations \u00e9lectriques, plomberie, etc. &lt;\/ li&gt;<\/li>\r\n<li>Nous soutenons les alarmes et la s\u00e9curit\u00e9 &lt;\/ li&gt;<\/li>\r\n<li>Travaux et remodelage &lt;\/ li&gt;<\/li>\r\n<\/ul>\r\n\r\n\r\n\r\n<p>Nous avons une \u00e9quipe technique sp\u00e9cialis\u00e9e, nous travaillons avec rigueur et professionnalisme. Notre objectif est de construire des relations solides et durables.<\/p>\r\n\r\n\r\n\r\n<p>Avoir une propri\u00e9t\u00e9? <br \/>Vous voulez le mon\u00e9tiser? <br \/>Rejoignez-nous!<\/p>\r\n","protected":false},"excerpt":{"rendered":"<p>Nous prenons en charge la location temporaire \/ les vacances de votre propri\u00e9t\u00e9 en g\u00e9rant les clients, les r\u00e9servations, les entr\u00e9es et les sorties et les services n\u00e9cessaires pour que les clients aient des vacances m\u00e9morables telles que le nettoyage, la blanchisserie, l&rsquo;assistance et la maintenance n\u00e9cessaires. Si vous le souhaitez, nous effectuons \u00e9galement des paiements pour l&rsquo;entretien de l&rsquo;eau, de l&rsquo;\u00e9lectricit\u00e9, du gaz, &#8230;<\/p>\n","protected":false},"author":1,"featured_media":0,"parent":0,"menu_order":0,"comment_status":"closed","ping_status":"closed","template":"","meta":{"footnotes":""},"class_list":["post-18368","page","type-page","status-publish","hentry"],"yoast_head":"<!-- This site is optimized with the Yoast SEO plugin v27.3 - https:\/\/yoast.com\/product\/yoast-seo-wordpress\/ -->\n<title>Services | Imobili\u00e1ria Santo Ant\u00f3nio | Portugal<\/title>\n<meta name=\"robots\" content=\"index, follow, max-snippet:-1, max-image-preview:large, max-video-preview:-1\" \/>\n<link rel=\"canonical\" href=\"https:\/\/www.imosantonio.pt\/fr\/services\/\" \/>\n<meta property=\"og:locale\" content=\"fr_FR\" \/>\n<meta property=\"og:type\" content=\"article\" \/>\n<meta property=\"og:title\" content=\"Services | Imobili\u00e1ria Santo Ant\u00f3nio | Portugal\" \/>\n<meta property=\"og:description\" content=\"Nous prenons en charge la location temporaire \/ les vacances de votre propri\u00e9t\u00e9 en g\u00e9rant les clients, les r\u00e9servations, les entr\u00e9es et les sorties et les services n\u00e9cessaires pour que les clients aient des vacances m\u00e9morables telles que le nettoyage, la blanchisserie, l&rsquo;assistance et la maintenance n\u00e9cessaires. Si vous le souhaitez, nous effectuons \u00e9galement des paiements pour l&rsquo;entretien de l&rsquo;eau, de l&rsquo;\u00e9lectricit\u00e9, du gaz, ...\" \/>\n<meta property=\"og:url\" content=\"https:\/\/www.imosantonio.pt\/fr\/services\/\" \/>\n<meta property=\"og:site_name\" content=\"Imobili\u00e1ria Santo Ant\u00f3nio\" \/>\n<meta property=\"article:modified_time\" content=\"2019-12-12T11:44:12+00:00\" \/>\n<meta name=\"twitter:card\" content=\"summary_large_image\" \/>\n<meta name=\"twitter:label1\" content=\"Dur\u00e9e de lecture estim\u00e9e\" \/>\n\t<meta name=\"twitter:data1\" content=\"1 minute\" \/>\n<script type=\"application\/ld+json\" class=\"yoast-schema-graph\">{\"@context\":\"https:\\\/\\\/schema.org\",\"@graph\":[{\"@type\":\"WebPage\",\"@id\":\"https:\\\/\\\/www.imosantonio.pt\\\/fr\\\/services\\\/\",\"url\":\"https:\\\/\\\/www.imosantonio.pt\\\/fr\\\/services\\\/\",\"name\":\"Services | Imobili\u00e1ria Santo Ant\u00f3nio | Portugal\",\"isPartOf\":{\"@id\":\"https:\\\/\\\/www.imosantonio.pt\\\/#website\"},\"datePublished\":\"2019-12-12T11:41:44+00:00\",\"dateModified\":\"2019-12-12T11:44:12+00:00\",\"breadcrumb\":{\"@id\":\"https:\\\/\\\/www.imosantonio.pt\\\/fr\\\/services\\\/#breadcrumb\"},\"inLanguage\":\"fr-FR\",\"potentialAction\":[{\"@type\":\"ReadAction\",\"target\":[\"https:\\\/\\\/www.imosantonio.pt\\\/fr\\\/services\\\/\"]}]},{\"@type\":\"BreadcrumbList\",\"@id\":\"https:\\\/\\\/www.imosantonio.pt\\\/fr\\\/services\\\/#breadcrumb\",\"itemListElement\":[{\"@type\":\"ListItem\",\"position\":1,\"name\":\"In\u00edcio\",\"item\":\"https:\\\/\\\/www.imosantonio.pt\\\/fr\\\/\"},{\"@type\":\"ListItem\",\"position\":2,\"name\":\"Services\"}]},{\"@type\":\"WebSite\",\"@id\":\"https:\\\/\\\/www.imosantonio.pt\\\/#website\",\"url\":\"https:\\\/\\\/www.imosantonio.pt\\\/\",\"name\":\"Imobili\u00e1ria Santo Ant\u00f3nio\",\"description\":\"Encontramos a casa ideal para si!\",\"publisher\":{\"@id\":\"https:\\\/\\\/www.imosantonio.pt\\\/#organization\"},\"potentialAction\":[{\"@type\":\"SearchAction\",\"target\":{\"@type\":\"EntryPoint\",\"urlTemplate\":\"https:\\\/\\\/www.imosantonio.pt\\\/?s={search_term_string}\"},\"query-input\":{\"@type\":\"PropertyValueSpecification\",\"valueRequired\":true,\"valueName\":\"search_term_string\"}}],\"inLanguage\":\"fr-FR\"},{\"@type\":\"Organization\",\"@id\":\"https:\\\/\\\/www.imosantonio.pt\\\/#organization\",\"name\":\"Imobili\u00e1ria Santo Ant\u00f3nio\",\"url\":\"https:\\\/\\\/www.imosantonio.pt\\\/\",\"logo\":{\"@type\":\"ImageObject\",\"inLanguage\":\"fr-FR\",\"@id\":\"https:\\\/\\\/www.imosantonio.pt\\\/#\\\/schema\\\/logo\\\/image\\\/\",\"url\":\"https:\\\/\\\/www.imosantonio.pt\\\/wp-content\\\/uploads\\\/2019\\\/12\\\/winte_on_red.jpg\",\"contentUrl\":\"https:\\\/\\\/www.imosantonio.pt\\\/wp-content\\\/uploads\\\/2019\\\/12\\\/winte_on_red.jpg\",\"width\":500,\"height\":250,\"caption\":\"Imobili\u00e1ria Santo Ant\u00f3nio\"},\"image\":{\"@id\":\"https:\\\/\\\/www.imosantonio.pt\\\/#\\\/schema\\\/logo\\\/image\\\/\"},\"sameAs\":[\"https:\\\/\\\/www.instagram.com\\\/imosantonio\"]}]}<\/script>\n<!-- \/ Yoast SEO plugin. -->","yoast_head_json":{"title":"Services | Imobili\u00e1ria Santo Ant\u00f3nio | Portugal","robots":{"index":"index","follow":"follow","max-snippet":"max-snippet:-1","max-image-preview":"max-image-preview:large","max-video-preview":"max-video-preview:-1"},"canonical":"https:\/\/www.imosantonio.pt\/fr\/services\/","og_locale":"fr_FR","og_type":"article","og_title":"Services | Imobili\u00e1ria Santo Ant\u00f3nio | Portugal","og_description":"Nous prenons en charge la location temporaire \/ les vacances de votre propri\u00e9t\u00e9 en g\u00e9rant les clients, les r\u00e9servations, les entr\u00e9es et les sorties et les services n\u00e9cessaires pour que les clients aient des vacances m\u00e9morables telles que le nettoyage, la blanchisserie, l&rsquo;assistance et la maintenance n\u00e9cessaires. Si vous le souhaitez, nous effectuons \u00e9galement des paiements pour l&rsquo;entretien de l&rsquo;eau, de l&rsquo;\u00e9lectricit\u00e9, du gaz, ...","og_url":"https:\/\/www.imosantonio.pt\/fr\/services\/","og_site_name":"Imobili\u00e1ria Santo Ant\u00f3nio","article_modified_time":"2019-12-12T11:44:12+00:00","twitter_card":"summary_large_image","twitter_misc":{"Dur\u00e9e de lecture estim\u00e9e":"1 minute"},"schema":{"@context":"https:\/\/schema.org","@graph":[{"@type":"WebPage","@id":"https:\/\/www.imosantonio.pt\/fr\/services\/","url":"https:\/\/www.imosantonio.pt\/fr\/services\/","name":"Services | Imobili\u00e1ria Santo Ant\u00f3nio | Portugal","isPartOf":{"@id":"https:\/\/www.imosantonio.pt\/#website"},"datePublished":"2019-12-12T11:41:44+00:00","dateModified":"2019-12-12T11:44:12+00:00","breadcrumb":{"@id":"https:\/\/www.imosantonio.pt\/fr\/services\/#breadcrumb"},"inLanguage":"fr-FR","potentialAction":[{"@type":"ReadAction","target":["https:\/\/www.imosantonio.pt\/fr\/services\/"]}]},{"@type":"BreadcrumbList","@id":"https:\/\/www.imosantonio.pt\/fr\/services\/#breadcrumb","itemListElement":[{"@type":"ListItem","position":1,"name":"In\u00edcio","item":"https:\/\/www.imosantonio.pt\/fr\/"},{"@type":"ListItem","position":2,"name":"Services"}]},{"@type":"WebSite","@id":"https:\/\/www.imosantonio.pt\/#website","url":"https:\/\/www.imosantonio.pt\/","name":"Imobili\u00e1ria Santo Ant\u00f3nio","description":"Encontramos a casa ideal para si!","publisher":{"@id":"https:\/\/www.imosantonio.pt\/#organization"},"potentialAction":[{"@type":"SearchAction","target":{"@type":"EntryPoint","urlTemplate":"https:\/\/www.imosantonio.pt\/?s={search_term_string}"},"query-input":{"@type":"PropertyValueSpecification","valueRequired":true,"valueName":"search_term_string"}}],"inLanguage":"fr-FR"},{"@type":"Organization","@id":"https:\/\/www.imosantonio.pt\/#organization","name":"Imobili\u00e1ria Santo Ant\u00f3nio","url":"https:\/\/www.imosantonio.pt\/","logo":{"@type":"ImageObject","inLanguage":"fr-FR","@id":"https:\/\/www.imosantonio.pt\/#\/schema\/logo\/image\/","url":"https:\/\/www.imosantonio.pt\/wp-content\/uploads\/2019\/12\/winte_on_red.jpg","contentUrl":"https:\/\/www.imosantonio.pt\/wp-content\/uploads\/2019\/12\/winte_on_red.jpg","width":500,"height":250,"caption":"Imobili\u00e1ria Santo Ant\u00f3nio"},"image":{"@id":"https:\/\/www.imosantonio.pt\/#\/schema\/logo\/image\/"},"sameAs":["https:\/\/www.instagram.com\/imosantonio"]}]}},"post_mailing_queue_ids":[],"_links":{"self":[{"href":"https:\/\/www.imosantonio.pt\/fr\/wp-json\/wp\/v2\/pages\/18368\/"}],"collection":[{"href":"https:\/\/www.imosantonio.pt\/fr\/wp-json\/wp\/v2\/pages\/"}],"about":[{"href":"https:\/\/www.imosantonio.pt\/fr\/wp-json\/wp\/v2\/types\/page\/"}],"author":[{"embeddable":true,"href":"https:\/\/www.imosantonio.pt\/fr\/wp-json\/wp\/v2\/users\/1\/"}],"replies":[{"embeddable":true,"href":"https:\/\/www.imosantonio.pt\/fr\/wp-json\/wp\/v2\/comments\/?post=18368"}],"version-history":[{"count":1,"href":"https:\/\/www.imosantonio.pt\/fr\/wp-json\/wp\/v2\/pages\/18368\/revisions\/"}],"predecessor-version":[{"id":18371,"href":"https:\/\/www.imosantonio.pt\/fr\/wp-json\/wp\/v2\/pages\/18368\/revisions\/18371\/"}],"wp:attachment":[{"href":"https:\/\/www.imosantonio.pt\/fr\/wp-json\/wp\/v2\/media\/?parent=18368"}],"curies":[{"name":"wp","href":"https:\/\/api.w.org\/{rel}","templated":true}]}}