{"id":18379,"date":"2019-12-12T12:16:47","date_gmt":"2019-12-12T12:16:47","guid":{"rendered":"https:\/\/www.imosantonio.pt\/recrutement\/"},"modified":"2019-12-12T12:16:47","modified_gmt":"2019-12-12T12:16:47","slug":"recrutement","status":"publish","type":"page","link":"https:\/\/www.imosantonio.pt\/fr\/recrutement\/","title":{"rendered":"Recrutement"},"content":{"rendered":"\t\t<div data-elementor-type=\"wp-page\" data-elementor-id=\"18379\" class=\"elementor elementor-18379\">\n\t\t\t\t\t\t<section class=\"elementor-section elementor-top-section elementor-element elementor-element-757b431 elementor-section-boxed elementor-section-height-default elementor-section-height-default\" data-id=\"757b431\" data-element_type=\"section\" data-e-type=\"section\">\n\t\t\t\t\t\t<div class=\"elementor-container elementor-column-gap-default\">\n\t\t\t\t\t<div class=\"elementor-column elementor-col-50 elementor-top-column elementor-element elementor-element-bd21c28\" data-id=\"bd21c28\" data-element_type=\"column\" data-e-type=\"column\">\n\t\t\t<div class=\"elementor-widget-wrap elementor-element-populated\">\n\t\t\t\t\t\t<div class=\"elementor-element elementor-element-2031129 elementor-widget elementor-widget-image\" data-id=\"2031129\" data-element_type=\"widget\" data-e-type=\"widget\" data-widget_type=\"image.default\">\n\t\t\t\t<div class=\"elementor-widget-container\">\n\t\t\t\t\t\t\t\t\t\t\t\t\t\t\t<img fetchpriority=\"high\" decoding=\"async\" width=\"1024\" height=\"678\" src=\"https:\/\/www.imosantonio.pt\/wp-content\/uploads\/2019\/12\/photography-of-a-person-pointing-on-something-684387-1024x678.jpg\" class=\"attachment-large size-large wp-image-18308\" alt=\"\" srcset=\"https:\/\/www.imosantonio.pt\/wp-content\/uploads\/2019\/12\/photography-of-a-person-pointing-on-something-684387-1024x678.jpg 1024w, https:\/\/www.imosantonio.pt\/wp-content\/uploads\/2019\/12\/photography-of-a-person-pointing-on-something-684387-300x199.jpg 300w, https:\/\/www.imosantonio.pt\/wp-content\/uploads\/2019\/12\/photography-of-a-person-pointing-on-something-684387-768x509.jpg 768w, https:\/\/www.imosantonio.pt\/wp-content\/uploads\/2019\/12\/photography-of-a-person-pointing-on-something-684387-1536x1017.jpg 1536w, https:\/\/www.imosantonio.pt\/wp-content\/uploads\/2019\/12\/photography-of-a-person-pointing-on-something-684387-2048x1356.jpg 2048w, https:\/\/www.imosantonio.pt\/wp-content\/uploads\/2019\/12\/photography-of-a-person-pointing-on-something-684387-105x70.jpg 105w\" sizes=\"(max-width: 1024px) 100vw, 1024px\" \/>\t\t\t\t\t\t\t\t\t\t\t\t\t\t\t<\/div>\n\t\t\t\t<\/div>\n\t\t\t\t\t<\/div>\n\t\t<\/div>\n\t\t\t\t<div class=\"elementor-column elementor-col-50 elementor-top-column elementor-element elementor-element-d2c9f8f\" data-id=\"d2c9f8f\" data-element_type=\"column\" data-e-type=\"column\">\n\t\t\t<div class=\"elementor-widget-wrap elementor-element-populated\">\n\t\t\t\t\t\t<div class=\"elementor-element elementor-element-5c633ac elementor-widget elementor-widget-text-editor\" data-id=\"5c633ac\" data-element_type=\"widget\" data-e-type=\"widget\" data-widget_type=\"text-editor.default\">\n\t\t\t\t<div class=\"elementor-widget-container\">\n\t\t\t\t\t\t\t\t\t<p><span class=\"color-imo-red\">Faites de votre histoire une r\u00e9ussite!<\/span><\/p>\n<div class=\"wpcf7 no-js\" id=\"wpcf7-f18373-o1\" lang=\"pt-PT\" dir=\"ltr\" data-wpcf7-id=\"18373\">\n<div class=\"screen-reader-response\"><p role=\"status\" aria-live=\"polite\" aria-atomic=\"true\"><\/p> <ul><\/ul><\/div>\n<form action=\"\/fr\/wp-json\/wp\/v2\/pages\/18379\/#wpcf7-f18373-o1\" method=\"post\" class=\"wpcf7-form init\" aria-label=\"Formulaire de contact\" enctype=\"multipart\/form-data\" novalidate=\"novalidate\" data-status=\"init\">\n<fieldset class=\"hidden-fields-container\"><input type=\"hidden\" name=\"_wpcf7\" value=\"18373\" \/><input type=\"hidden\" name=\"_wpcf7_version\" value=\"6.1.5\" \/><input type=\"hidden\" name=\"_wpcf7_locale\" value=\"pt_PT\" \/><input type=\"hidden\" name=\"_wpcf7_unit_tag\" value=\"wpcf7-f18373-o1\" \/><input type=\"hidden\" name=\"_wpcf7_container_post\" value=\"0\" \/><input type=\"hidden\" name=\"_wpcf7_posted_data_hash\" value=\"\" \/>\n<\/fieldset>\n<p><label> Nom <span class=\"color-red\">*<\/span><br \/>\n<span class=\"wpcf7-form-control-wrap\" data-name=\"your-name\"><input size=\"40\" maxlength=\"400\" class=\"wpcf7-form-control wpcf7-text wpcf7-validates-as-required\" aria-required=\"true\" aria-invalid=\"false\" value=\"\" type=\"text\" name=\"your-name\" \/><\/span> <\/label><br \/>\n<label> Email <span class=\"color-red\">*<\/span><br \/>\n<span class=\"wpcf7-form-control-wrap\" data-name=\"your-email\"><input size=\"40\" maxlength=\"400\" class=\"wpcf7-form-control wpcf7-email wpcf7-validates-as-required wpcf7-text wpcf7-validates-as-email\" aria-required=\"true\" aria-invalid=\"false\" value=\"\" type=\"email\" name=\"your-email\" \/><\/span> <\/label><br \/>\n<label> T\u00e9l\u00e9phone <span class=\"color-red\">*<\/span><br \/>\n<span class=\"wpcf7-form-control-wrap\" data-name=\"tel-496\"><input size=\"40\" maxlength=\"400\" class=\"wpcf7-form-control wpcf7-tel wpcf7-validates-as-required wpcf7-text wpcf7-validates-as-tel\" aria-required=\"true\" aria-invalid=\"false\" value=\"\" type=\"tel\" name=\"tel-496\" \/><\/span> <\/label><br \/>\n<label> Curriculum<span class=\"color-red\">*<\/span><br \/>\n<span class=\"wpcf7-form-control-wrap\" data-name=\"file-482\"><input size=\"40\" class=\"wpcf7-form-control wpcf7-file wpcf7-validates-as-required\" accept=\".pdf\" aria-required=\"true\" aria-invalid=\"false\" type=\"file\" name=\"file-482\" \/><\/span> <\/label><br \/>\n<small>\n\t\t<italic>Seuls les fichiers PDF | Max. Taille: 5mb\n\t\t<\/italic><\/small><br \/>\n<input class=\"wpcf7-form-control wpcf7-submit has-spinner\" type=\"submit\" value=\"Envoyer\" \/>\n<\/p><input type='hidden' class='wpcf7-pum' value='{\"closepopup\":false,\"closedelay\":0,\"openpopup\":false,\"openpopup_id\":0}' \/><div class=\"wpcf7-response-output\" aria-hidden=\"true\"><\/div>\n<\/form>\n<\/div>\n\t\t\t\t\t\t\t\t<\/div>\n\t\t\t\t<\/div>\n\t\t\t\t\t<\/div>\n\t\t<\/div>\n\t\t\t\t\t<\/div>\n\t\t<\/section>\n\t\t\t\t<\/div>\n\t\t","protected":false},"excerpt":{"rendered":"<p>Faites de votre histoire une r\u00e9ussite!<\/p>\n","protected":false},"author":1,"featured_media":0,"parent":0,"menu_order":0,"comment_status":"closed","ping_status":"closed","template":"","meta":{"footnotes":""},"class_list":["post-18379","page","type-page","status-publish","hentry"],"yoast_head":"<!-- This site is optimized with the Yoast SEO plugin v27.3 - https:\/\/yoast.com\/product\/yoast-seo-wordpress\/ -->\n<title>Recrutement | Imobili\u00e1ria Santo Ant\u00f3nio | Portugal<\/title>\n<meta name=\"robots\" content=\"index, follow, max-snippet:-1, max-image-preview:large, max-video-preview:-1\" \/>\n<link rel=\"canonical\" href=\"https:\/\/www.imosantonio.pt\/fr\/recrutement\/\" \/>\n<meta property=\"og:locale\" content=\"fr_FR\" \/>\n<meta property=\"og:type\" content=\"article\" \/>\n<meta property=\"og:title\" content=\"Recrutement | Imobili\u00e1ria Santo Ant\u00f3nio | Portugal\" \/>\n<meta property=\"og:description\" content=\"Faites de votre histoire une r\u00e9ussite!\" \/>\n<meta property=\"og:url\" content=\"https:\/\/www.imosantonio.pt\/fr\/recrutement\/\" \/>\n<meta property=\"og:site_name\" content=\"Imobili\u00e1ria Santo Ant\u00f3nio\" \/>\n<meta property=\"og:image\" content=\"https:\/\/www.imosantonio.pt\/\/wp-content\/uploads\/2019\/12\/photography-of-a-person-pointing-on-something-684387-1024x678.jpg\" \/>\n<meta name=\"twitter:card\" content=\"summary_large_image\" \/>\n<script type=\"application\/ld+json\" class=\"yoast-schema-graph\">{\"@context\":\"https:\\\/\\\/schema.org\",\"@graph\":[{\"@type\":\"WebPage\",\"@id\":\"https:\\\/\\\/www.imosantonio.pt\\\/fr\\\/recrutement\\\/\",\"url\":\"https:\\\/\\\/www.imosantonio.pt\\\/fr\\\/recrutement\\\/\",\"name\":\"Recrutement | Imobili\u00e1ria Santo Ant\u00f3nio | Portugal\",\"isPartOf\":{\"@id\":\"https:\\\/\\\/www.imosantonio.pt\\\/#website\"},\"primaryImageOfPage\":{\"@id\":\"https:\\\/\\\/www.imosantonio.pt\\\/fr\\\/recrutement\\\/#primaryimage\"},\"image\":{\"@id\":\"https:\\\/\\\/www.imosantonio.pt\\\/fr\\\/recrutement\\\/#primaryimage\"},\"thumbnailUrl\":\"https:\\\/\\\/www.imosantonio.pt\\\/\\\/wp-content\\\/uploads\\\/2019\\\/12\\\/photography-of-a-person-pointing-on-something-684387-1024x678.jpg\",\"datePublished\":\"2019-12-12T12:16:47+00:00\",\"breadcrumb\":{\"@id\":\"https:\\\/\\\/www.imosantonio.pt\\\/fr\\\/recrutement\\\/#breadcrumb\"},\"inLanguage\":\"fr-FR\",\"potentialAction\":[{\"@type\":\"ReadAction\",\"target\":[\"https:\\\/\\\/www.imosantonio.pt\\\/fr\\\/recrutement\\\/\"]}]},{\"@type\":\"ImageObject\",\"inLanguage\":\"fr-FR\",\"@id\":\"https:\\\/\\\/www.imosantonio.pt\\\/fr\\\/recrutement\\\/#primaryimage\",\"url\":\"https:\\\/\\\/www.imosantonio.pt\\\/\\\/wp-content\\\/uploads\\\/2019\\\/12\\\/photography-of-a-person-pointing-on-something-684387-1024x678.jpg\",\"contentUrl\":\"https:\\\/\\\/www.imosantonio.pt\\\/\\\/wp-content\\\/uploads\\\/2019\\\/12\\\/photography-of-a-person-pointing-on-something-684387-1024x678.jpg\"},{\"@type\":\"BreadcrumbList\",\"@id\":\"https:\\\/\\\/www.imosantonio.pt\\\/fr\\\/recrutement\\\/#breadcrumb\",\"itemListElement\":[{\"@type\":\"ListItem\",\"position\":1,\"name\":\"In\u00edcio\",\"item\":\"https:\\\/\\\/www.imosantonio.pt\\\/fr\\\/\"},{\"@type\":\"ListItem\",\"position\":2,\"name\":\"Recrutement\"}]},{\"@type\":\"WebSite\",\"@id\":\"https:\\\/\\\/www.imosantonio.pt\\\/#website\",\"url\":\"https:\\\/\\\/www.imosantonio.pt\\\/\",\"name\":\"Imobili\u00e1ria Santo Ant\u00f3nio\",\"description\":\"Encontramos a casa ideal para si!\",\"publisher\":{\"@id\":\"https:\\\/\\\/www.imosantonio.pt\\\/#organization\"},\"potentialAction\":[{\"@type\":\"SearchAction\",\"target\":{\"@type\":\"EntryPoint\",\"urlTemplate\":\"https:\\\/\\\/www.imosantonio.pt\\\/?s={search_term_string}\"},\"query-input\":{\"@type\":\"PropertyValueSpecification\",\"valueRequired\":true,\"valueName\":\"search_term_string\"}}],\"inLanguage\":\"fr-FR\"},{\"@type\":\"Organization\",\"@id\":\"https:\\\/\\\/www.imosantonio.pt\\\/#organization\",\"name\":\"Imobili\u00e1ria Santo Ant\u00f3nio\",\"url\":\"https:\\\/\\\/www.imosantonio.pt\\\/\",\"logo\":{\"@type\":\"ImageObject\",\"inLanguage\":\"fr-FR\",\"@id\":\"https:\\\/\\\/www.imosantonio.pt\\\/#\\\/schema\\\/logo\\\/image\\\/\",\"url\":\"https:\\\/\\\/www.imosantonio.pt\\\/wp-content\\\/uploads\\\/2019\\\/12\\\/winte_on_red.jpg\",\"contentUrl\":\"https:\\\/\\\/www.imosantonio.pt\\\/wp-content\\\/uploads\\\/2019\\\/12\\\/winte_on_red.jpg\",\"width\":500,\"height\":250,\"caption\":\"Imobili\u00e1ria Santo Ant\u00f3nio\"},\"image\":{\"@id\":\"https:\\\/\\\/www.imosantonio.pt\\\/#\\\/schema\\\/logo\\\/image\\\/\"},\"sameAs\":[\"https:\\\/\\\/www.instagram.com\\\/imosantonio\"]}]}<\/script>\n<!-- \/ Yoast SEO plugin. -->","yoast_head_json":{"title":"Recrutement | Imobili\u00e1ria Santo Ant\u00f3nio | Portugal","robots":{"index":"index","follow":"follow","max-snippet":"max-snippet:-1","max-image-preview":"max-image-preview:large","max-video-preview":"max-video-preview:-1"},"canonical":"https:\/\/www.imosantonio.pt\/fr\/recrutement\/","og_locale":"fr_FR","og_type":"article","og_title":"Recrutement | Imobili\u00e1ria Santo Ant\u00f3nio | Portugal","og_description":"Faites de votre histoire une r\u00e9ussite!","og_url":"https:\/\/www.imosantonio.pt\/fr\/recrutement\/","og_site_name":"Imobili\u00e1ria Santo Ant\u00f3nio","og_image":[{"url":"https:\/\/www.imosantonio.pt\/\/wp-content\/uploads\/2019\/12\/photography-of-a-person-pointing-on-something-684387-1024x678.jpg","type":"","width":"","height":""}],"twitter_card":"summary_large_image","schema":{"@context":"https:\/\/schema.org","@graph":[{"@type":"WebPage","@id":"https:\/\/www.imosantonio.pt\/fr\/recrutement\/","url":"https:\/\/www.imosantonio.pt\/fr\/recrutement\/","name":"Recrutement | Imobili\u00e1ria Santo Ant\u00f3nio | Portugal","isPartOf":{"@id":"https:\/\/www.imosantonio.pt\/#website"},"primaryImageOfPage":{"@id":"https:\/\/www.imosantonio.pt\/fr\/recrutement\/#primaryimage"},"image":{"@id":"https:\/\/www.imosantonio.pt\/fr\/recrutement\/#primaryimage"},"thumbnailUrl":"https:\/\/www.imosantonio.pt\/\/wp-content\/uploads\/2019\/12\/photography-of-a-person-pointing-on-something-684387-1024x678.jpg","datePublished":"2019-12-12T12:16:47+00:00","breadcrumb":{"@id":"https:\/\/www.imosantonio.pt\/fr\/recrutement\/#breadcrumb"},"inLanguage":"fr-FR","potentialAction":[{"@type":"ReadAction","target":["https:\/\/www.imosantonio.pt\/fr\/recrutement\/"]}]},{"@type":"ImageObject","inLanguage":"fr-FR","@id":"https:\/\/www.imosantonio.pt\/fr\/recrutement\/#primaryimage","url":"https:\/\/www.imosantonio.pt\/\/wp-content\/uploads\/2019\/12\/photography-of-a-person-pointing-on-something-684387-1024x678.jpg","contentUrl":"https:\/\/www.imosantonio.pt\/\/wp-content\/uploads\/2019\/12\/photography-of-a-person-pointing-on-something-684387-1024x678.jpg"},{"@type":"BreadcrumbList","@id":"https:\/\/www.imosantonio.pt\/fr\/recrutement\/#breadcrumb","itemListElement":[{"@type":"ListItem","position":1,"name":"In\u00edcio","item":"https:\/\/www.imosantonio.pt\/fr\/"},{"@type":"ListItem","position":2,"name":"Recrutement"}]},{"@type":"WebSite","@id":"https:\/\/www.imosantonio.pt\/#website","url":"https:\/\/www.imosantonio.pt\/","name":"Imobili\u00e1ria Santo Ant\u00f3nio","description":"Encontramos a casa ideal para si!","publisher":{"@id":"https:\/\/www.imosantonio.pt\/#organization"},"potentialAction":[{"@type":"SearchAction","target":{"@type":"EntryPoint","urlTemplate":"https:\/\/www.imosantonio.pt\/?s={search_term_string}"},"query-input":{"@type":"PropertyValueSpecification","valueRequired":true,"valueName":"search_term_string"}}],"inLanguage":"fr-FR"},{"@type":"Organization","@id":"https:\/\/www.imosantonio.pt\/#organization","name":"Imobili\u00e1ria Santo Ant\u00f3nio","url":"https:\/\/www.imosantonio.pt\/","logo":{"@type":"ImageObject","inLanguage":"fr-FR","@id":"https:\/\/www.imosantonio.pt\/#\/schema\/logo\/image\/","url":"https:\/\/www.imosantonio.pt\/wp-content\/uploads\/2019\/12\/winte_on_red.jpg","contentUrl":"https:\/\/www.imosantonio.pt\/wp-content\/uploads\/2019\/12\/winte_on_red.jpg","width":500,"height":250,"caption":"Imobili\u00e1ria Santo Ant\u00f3nio"},"image":{"@id":"https:\/\/www.imosantonio.pt\/#\/schema\/logo\/image\/"},"sameAs":["https:\/\/www.instagram.com\/imosantonio"]}]}},"post_mailing_queue_ids":[],"_links":{"self":[{"href":"https:\/\/www.imosantonio.pt\/fr\/wp-json\/wp\/v2\/pages\/18379\/"}],"collection":[{"href":"https:\/\/www.imosantonio.pt\/fr\/wp-json\/wp\/v2\/pages\/"}],"about":[{"href":"https:\/\/www.imosantonio.pt\/fr\/wp-json\/wp\/v2\/types\/page\/"}],"author":[{"embeddable":true,"href":"https:\/\/www.imosantonio.pt\/fr\/wp-json\/wp\/v2\/users\/1\/"}],"replies":[{"embeddable":true,"href":"https:\/\/www.imosantonio.pt\/fr\/wp-json\/wp\/v2\/comments\/?post=18379"}],"version-history":[{"count":4,"href":"https:\/\/www.imosantonio.pt\/fr\/wp-json\/wp\/v2\/pages\/18379\/revisions\/"}],"predecessor-version":[{"id":18383,"href":"https:\/\/www.imosantonio.pt\/fr\/wp-json\/wp\/v2\/pages\/18379\/revisions\/18383\/"}],"wp:attachment":[{"href":"https:\/\/www.imosantonio.pt\/fr\/wp-json\/wp\/v2\/media\/?parent=18379"}],"curies":[{"name":"wp","href":"https:\/\/api.w.org\/{rel}","templated":true}]}}