{"id":18398,"date":"2019-12-12T12:26:52","date_gmt":"2019-12-12T12:26:52","guid":{"rendered":"https:\/\/www.imosantonio.pt\/contacts\/"},"modified":"2019-12-12T12:26:53","modified_gmt":"2019-12-12T12:26:53","slug":"contacts","status":"publish","type":"page","link":"https:\/\/www.imosantonio.pt\/fr\/contacts\/","title":{"rendered":"Contacts"},"content":{"rendered":"<section class=\"wpb-content-wrapper\"><p>[vc_row][vc_column][vc_empty_space height=\u00a0\u00bb30&Prime;][vc_column_text]Whether you\u2019re looking for property for sale in New York area or property for rent, WP Residence makes searching easy. Use our unique geolocation mapping feature to root-out your ideal villa, townhouse or apartment and contact the owners direct. We will help you find your dream house in just a few seconds.<\/p>\n<p>We offer our clients a wealth of knowledge regarding all aspects of purchasing or selling a home. Whether it is helping you search for your dream home, discussing new New York real estate developments, or assisting with the sale of your property, we would love the opportunity to help. Please feel free to contact us with any questions![\/vc_column_text][\/vc_column][\/vc_row]<\/p>\n<\/section>","protected":false},"excerpt":{"rendered":"<p>[vc_row][vc_column][vc_empty_space height=\u00a0\u00bb30&Prime;][vc_column_text]Whether you\u2019re looking for property for sale in New York area or property for rent, WP Residence makes searching easy. Use our unique geolocation mapping feature to root-out your ideal villa, townhouse or apartment and contact the owners direct. We will help you find your dream house in just a few seconds. We offer our clients a wealth of knowledge regarding all aspects &#8230;<\/p>\n","protected":false},"author":1,"featured_media":0,"parent":0,"menu_order":0,"comment_status":"open","ping_status":"closed","template":"contact_page.php","meta":{"footnotes":""},"class_list":["post-18398","page","type-page","status-publish","hentry"],"yoast_head":"<!-- This site is optimized with the Yoast SEO plugin v27.3 - https:\/\/yoast.com\/product\/yoast-seo-wordpress\/ -->\n<title>Contacts | Imobili\u00e1ria Santo Ant\u00f3nio | Portugal<\/title>\n<meta name=\"robots\" content=\"index, follow, max-snippet:-1, max-image-preview:large, max-video-preview:-1\" \/>\n<link rel=\"canonical\" href=\"https:\/\/www.imosantonio.pt\/fr\/contacts\/\" \/>\n<meta property=\"og:locale\" content=\"fr_FR\" \/>\n<meta property=\"og:type\" content=\"article\" \/>\n<meta property=\"og:title\" content=\"Contacts | Imobili\u00e1ria Santo Ant\u00f3nio | Portugal\" \/>\n<meta property=\"og:description\" content=\"[vc_row][vc_column][vc_empty_space height=\u00a0\u00bb30&Prime;][vc_column_text]Whether you\u2019re looking for property for sale in New York area or property for rent, WP Residence makes searching easy. Use our unique geolocation mapping feature to root-out your ideal villa, townhouse or apartment and contact the owners direct. We will help you find your dream house in just a few seconds. We offer our clients a wealth of knowledge regarding all aspects ...\" \/>\n<meta property=\"og:url\" content=\"https:\/\/www.imosantonio.pt\/fr\/contacts\/\" \/>\n<meta property=\"og:site_name\" content=\"Imobili\u00e1ria Santo Ant\u00f3nio\" \/>\n<meta property=\"article:modified_time\" content=\"2019-12-12T12:26:53+00:00\" \/>\n<meta name=\"twitter:card\" content=\"summary_large_image\" \/>\n<meta name=\"twitter:label1\" content=\"Dur\u00e9e de lecture estim\u00e9e\" \/>\n\t<meta name=\"twitter:data1\" content=\"1 minute\" \/>\n<script type=\"application\/ld+json\" class=\"yoast-schema-graph\">{\"@context\":\"https:\\\/\\\/schema.org\",\"@graph\":[{\"@type\":\"WebPage\",\"@id\":\"https:\\\/\\\/www.imosantonio.pt\\\/fr\\\/contacts\\\/\",\"url\":\"https:\\\/\\\/www.imosantonio.pt\\\/fr\\\/contacts\\\/\",\"name\":\"Contacts | Imobili\u00e1ria Santo Ant\u00f3nio | Portugal\",\"isPartOf\":{\"@id\":\"https:\\\/\\\/www.imosantonio.pt\\\/#website\"},\"datePublished\":\"2019-12-12T12:26:52+00:00\",\"dateModified\":\"2019-12-12T12:26:53+00:00\",\"breadcrumb\":{\"@id\":\"https:\\\/\\\/www.imosantonio.pt\\\/fr\\\/contacts\\\/#breadcrumb\"},\"inLanguage\":\"fr-FR\",\"potentialAction\":[{\"@type\":\"ReadAction\",\"target\":[\"https:\\\/\\\/www.imosantonio.pt\\\/fr\\\/contacts\\\/\"]}]},{\"@type\":\"BreadcrumbList\",\"@id\":\"https:\\\/\\\/www.imosantonio.pt\\\/fr\\\/contacts\\\/#breadcrumb\",\"itemListElement\":[{\"@type\":\"ListItem\",\"position\":1,\"name\":\"In\u00edcio\",\"item\":\"https:\\\/\\\/www.imosantonio.pt\\\/fr\\\/\"},{\"@type\":\"ListItem\",\"position\":2,\"name\":\"Contacts\"}]},{\"@type\":\"WebSite\",\"@id\":\"https:\\\/\\\/www.imosantonio.pt\\\/#website\",\"url\":\"https:\\\/\\\/www.imosantonio.pt\\\/\",\"name\":\"Imobili\u00e1ria Santo Ant\u00f3nio\",\"description\":\"Encontramos a casa ideal para si!\",\"publisher\":{\"@id\":\"https:\\\/\\\/www.imosantonio.pt\\\/#organization\"},\"potentialAction\":[{\"@type\":\"SearchAction\",\"target\":{\"@type\":\"EntryPoint\",\"urlTemplate\":\"https:\\\/\\\/www.imosantonio.pt\\\/?s={search_term_string}\"},\"query-input\":{\"@type\":\"PropertyValueSpecification\",\"valueRequired\":true,\"valueName\":\"search_term_string\"}}],\"inLanguage\":\"fr-FR\"},{\"@type\":\"Organization\",\"@id\":\"https:\\\/\\\/www.imosantonio.pt\\\/#organization\",\"name\":\"Imobili\u00e1ria Santo Ant\u00f3nio\",\"url\":\"https:\\\/\\\/www.imosantonio.pt\\\/\",\"logo\":{\"@type\":\"ImageObject\",\"inLanguage\":\"fr-FR\",\"@id\":\"https:\\\/\\\/www.imosantonio.pt\\\/#\\\/schema\\\/logo\\\/image\\\/\",\"url\":\"https:\\\/\\\/www.imosantonio.pt\\\/wp-content\\\/uploads\\\/2019\\\/12\\\/winte_on_red.jpg\",\"contentUrl\":\"https:\\\/\\\/www.imosantonio.pt\\\/wp-content\\\/uploads\\\/2019\\\/12\\\/winte_on_red.jpg\",\"width\":500,\"height\":250,\"caption\":\"Imobili\u00e1ria Santo Ant\u00f3nio\"},\"image\":{\"@id\":\"https:\\\/\\\/www.imosantonio.pt\\\/#\\\/schema\\\/logo\\\/image\\\/\"},\"sameAs\":[\"https:\\\/\\\/www.instagram.com\\\/imosantonio\"]}]}<\/script>\n<!-- \/ Yoast SEO plugin. -->","yoast_head_json":{"title":"Contacts | Imobili\u00e1ria Santo Ant\u00f3nio | Portugal","robots":{"index":"index","follow":"follow","max-snippet":"max-snippet:-1","max-image-preview":"max-image-preview:large","max-video-preview":"max-video-preview:-1"},"canonical":"https:\/\/www.imosantonio.pt\/fr\/contacts\/","og_locale":"fr_FR","og_type":"article","og_title":"Contacts | Imobili\u00e1ria Santo Ant\u00f3nio | Portugal","og_description":"[vc_row][vc_column][vc_empty_space height=\u00a0\u00bb30&Prime;][vc_column_text]Whether you\u2019re looking for property for sale in New York area or property for rent, WP Residence makes searching easy. Use our unique geolocation mapping feature to root-out your ideal villa, townhouse or apartment and contact the owners direct. We will help you find your dream house in just a few seconds. We offer our clients a wealth of knowledge regarding all aspects ...","og_url":"https:\/\/www.imosantonio.pt\/fr\/contacts\/","og_site_name":"Imobili\u00e1ria Santo Ant\u00f3nio","article_modified_time":"2019-12-12T12:26:53+00:00","twitter_card":"summary_large_image","twitter_misc":{"Dur\u00e9e de lecture estim\u00e9e":"1 minute"},"schema":{"@context":"https:\/\/schema.org","@graph":[{"@type":"WebPage","@id":"https:\/\/www.imosantonio.pt\/fr\/contacts\/","url":"https:\/\/www.imosantonio.pt\/fr\/contacts\/","name":"Contacts | Imobili\u00e1ria Santo Ant\u00f3nio | Portugal","isPartOf":{"@id":"https:\/\/www.imosantonio.pt\/#website"},"datePublished":"2019-12-12T12:26:52+00:00","dateModified":"2019-12-12T12:26:53+00:00","breadcrumb":{"@id":"https:\/\/www.imosantonio.pt\/fr\/contacts\/#breadcrumb"},"inLanguage":"fr-FR","potentialAction":[{"@type":"ReadAction","target":["https:\/\/www.imosantonio.pt\/fr\/contacts\/"]}]},{"@type":"BreadcrumbList","@id":"https:\/\/www.imosantonio.pt\/fr\/contacts\/#breadcrumb","itemListElement":[{"@type":"ListItem","position":1,"name":"In\u00edcio","item":"https:\/\/www.imosantonio.pt\/fr\/"},{"@type":"ListItem","position":2,"name":"Contacts"}]},{"@type":"WebSite","@id":"https:\/\/www.imosantonio.pt\/#website","url":"https:\/\/www.imosantonio.pt\/","name":"Imobili\u00e1ria Santo Ant\u00f3nio","description":"Encontramos a casa ideal para si!","publisher":{"@id":"https:\/\/www.imosantonio.pt\/#organization"},"potentialAction":[{"@type":"SearchAction","target":{"@type":"EntryPoint","urlTemplate":"https:\/\/www.imosantonio.pt\/?s={search_term_string}"},"query-input":{"@type":"PropertyValueSpecification","valueRequired":true,"valueName":"search_term_string"}}],"inLanguage":"fr-FR"},{"@type":"Organization","@id":"https:\/\/www.imosantonio.pt\/#organization","name":"Imobili\u00e1ria Santo Ant\u00f3nio","url":"https:\/\/www.imosantonio.pt\/","logo":{"@type":"ImageObject","inLanguage":"fr-FR","@id":"https:\/\/www.imosantonio.pt\/#\/schema\/logo\/image\/","url":"https:\/\/www.imosantonio.pt\/wp-content\/uploads\/2019\/12\/winte_on_red.jpg","contentUrl":"https:\/\/www.imosantonio.pt\/wp-content\/uploads\/2019\/12\/winte_on_red.jpg","width":500,"height":250,"caption":"Imobili\u00e1ria Santo Ant\u00f3nio"},"image":{"@id":"https:\/\/www.imosantonio.pt\/#\/schema\/logo\/image\/"},"sameAs":["https:\/\/www.instagram.com\/imosantonio"]}]}},"post_mailing_queue_ids":[],"_links":{"self":[{"href":"https:\/\/www.imosantonio.pt\/fr\/wp-json\/wp\/v2\/pages\/18398\/"}],"collection":[{"href":"https:\/\/www.imosantonio.pt\/fr\/wp-json\/wp\/v2\/pages\/"}],"about":[{"href":"https:\/\/www.imosantonio.pt\/fr\/wp-json\/wp\/v2\/types\/page\/"}],"author":[{"embeddable":true,"href":"https:\/\/www.imosantonio.pt\/fr\/wp-json\/wp\/v2\/users\/1\/"}],"replies":[{"embeddable":true,"href":"https:\/\/www.imosantonio.pt\/fr\/wp-json\/wp\/v2\/comments\/?post=18398"}],"version-history":[{"count":1,"href":"https:\/\/www.imosantonio.pt\/fr\/wp-json\/wp\/v2\/pages\/18398\/revisions\/"}],"predecessor-version":[{"id":18399,"href":"https:\/\/www.imosantonio.pt\/fr\/wp-json\/wp\/v2\/pages\/18398\/revisions\/18399\/"}],"wp:attachment":[{"href":"https:\/\/www.imosantonio.pt\/fr\/wp-json\/wp\/v2\/media\/?parent=18398"}],"curies":[{"name":"wp","href":"https:\/\/api.w.org\/{rel}","templated":true}]}}