{"id":18403,"date":"2019-12-12T12:41:54","date_gmt":"2019-12-12T12:41:54","guid":{"rendered":"https:\/\/www.imosantonio.pt\/politique-de-confidentialite\/"},"modified":"2019-12-12T12:41:54","modified_gmt":"2019-12-12T12:41:54","slug":"politique-de-confidentialite","status":"publish","type":"page","link":"https:\/\/www.imosantonio.pt\/fr\/politique-de-confidentialite\/","title":{"rendered":"Politique de confidentialit\u00e9"},"content":{"rendered":"<p>Toutes les informations personnelles collect\u00e9es seront utilis\u00e9es pour rendre votre visite sur notre site aussi productive et agr\u00e9able que possible.<\/p>\n<p>Il est important pour nous de garantir la confidentialit\u00e9 des donn\u00e9es personnelles des utilisateurs de notre site.<\/p>\n<p>Toutes les informations personnelles concernant les clients ou visiteurs utilisant notre site seront trait\u00e9es conform\u00e9ment \u00e0 la loi du 26 octobre 1998 sur la protection des donn\u00e9es personnelles (loi 67\/98) pour garantir la confidentialit\u00e9 et la s\u00e9curit\u00e9. des donn\u00e9es personnelles fournies.<\/p>\n<p>Les informations personnelles collect\u00e9es peuvent inclure votre nom, votre adresse e-mail, votre num\u00e9ro de t\u00e9l\u00e9phone et \/ ou t\u00e9l\u00e9phone portable, votre adresse, votre date de naissance et \/ ou autres.<\/p>\n<p>L&rsquo;utilisation de notre site implique l&rsquo;acceptation de cet accord de confidentialit\u00e9. L&rsquo;\u00e9quipe d&rsquo;Imobili\u00e1ria Sto. Ant\u00f3nio se r\u00e9serve le droit de modifier cet accord sans pr\u00e9avis. Par cons\u00e9quent, nous vous recommandons de consulter r\u00e9guli\u00e8rement notre politique de confidentialit\u00e9 afin de vous tenir \u00e0 jour.<\/p>\n<p>Les donn\u00e9es collect\u00e9es sont exclusivement destin\u00e9es \u00e0 Imobili\u00e1ria Sto. Ant\u00f3nio, afin de suivre les demandes de contact faites via ce site et \/ ou par la r\u00e9ponse aux candidatures (formulaires de recrutement), en garantissant la confidentialit\u00e9 et la protection des donn\u00e9es des utilisateurs.<\/p>\n<p>En nous fournissant vos coordonn\u00e9es, nous pouvons vous fournir des informations sur les mises \u00e0 jour des produits et services et vous proposer des offres sp\u00e9ciales susceptibles de vous int\u00e9resser.<\/p>\n<p>Si apr\u00e8s avoir fourni vos donn\u00e9es, vous changez d&rsquo;avis, vous pouvez nous contacter \u00e0 &#x69;&#x6d;&#x6f;&#x73;&#97;&#110;&#116;&#111;nio&#x40;&#x67;&#x6d;&#x61;&#x69;&#108;&#46;&#99;om pour demander leur suppression.<\/p>\n<h2> Que sont les cookies <\/h2>\n<p>Les cookies sont des fichiers texte envoy\u00e9s par les sites Web visit\u00e9s par les utilisateurs pour \u00eatre stock\u00e9s sur votre ordinateur. Gr\u00e2ce aux informations mises \u00e0 la disposition du propri\u00e9taire du site, les cookies permettent de meilleures performances de navigation, ce qui permet aux utilisateurs d&rsquo;acc\u00e9der plus facilement aux informations qu&rsquo;ils recherchent. En tant que tel, les cookies n&rsquo;identifient pas l&rsquo;utilisateur, mais seulement l&rsquo;ordinateur utilis\u00e9. Les cookies ne sont pas utilis\u00e9s pour collecter des informations personnelles.<\/p>\n<h2> Cookies et notre site <\/h2>\n<p>Afin de fournir un service plus personnalis\u00e9, ce site utilise des cookies pour am\u00e9liorer la navigabilit\u00e9 des clients et utilisateurs du site, permettant une exp\u00e9rience plus personnalis\u00e9e. Les utilisateurs peuvent \u00e0 tout moment supprimer ou bloquer la r\u00e9ception des cookies. La plupart des navigateurs Web vous permettent de d\u00e9finir des pr\u00e9f\u00e9rences personnelles pour les cookies. La fa\u00e7on dont ce processus est effectu\u00e9 d\u00e9pend du navigateur Web que vous utilisez. Veuillez vous r\u00e9f\u00e9rer \u00e0 la fonction \u00ab\u00a0Aide\u00a0\u00bb de votre navigateur Web.<\/p>\n<h2> Quel type de cookies utilisons-nous? <\/h2>\n<p>    &#8211; Biscuits permanents<br \/>\n        Ce sont des cookies qui sont stock\u00e9s au niveau du navigateur dans votre \u00e9quipement d&rsquo;acc\u00e8s (pc, mobile et tablette) et qui sont utilis\u00e9s chaque fois que vous visitez de nouveau un de nos sites Web, ce qui permet l&rsquo;utilisation de certaines fonctionnalit\u00e9s.<\/p>\n<p>    &#8211; Cookies de session<br \/>\n        Ce sont des cookies temporaires qui restent dans le fichier cookie de votre navigateur jusqu&rsquo;\u00e0 ce que vous quittiez le site. Les informations obtenues par ces cookies permettent d&rsquo;analyser votre navigation permettant l&rsquo;acc\u00e8s \u00e0 des zones restreintes et s\u00e9curis\u00e9es.<\/p>\n<p>    &#8211; Cookies analytiques<br \/>\n        Ils permettent d&rsquo;obtenir des statistiques visant au meilleur fonctionnement du site.<\/p>\n<p>    &#8211; Cookies publicitaires<br \/>\n        Ils limitent le nombre de fois qu&rsquo;une annonce est vue par un utilisateur en aidant \u00e0 mesurer l&rsquo;efficacit\u00e9 de la publicit\u00e9 sur nos sites Web.<\/p>\n<h2> Contr\u00f4le des cookies <\/h2>\n<p>Les navigateurs Web vous permettent d&rsquo;exercer un certain contr\u00f4le sur les cookies gr\u00e2ce aux param\u00e8tres de votre navigateur Web. La plupart des navigateurs Web vous permettent de bloquer les cookies ou de bloquer les cookies de sites Web sp\u00e9cifiques. Les navigateurs Web peuvent \u00e9galement vous aider \u00e0 effacer vos cookies lorsque vous fermez votre navigateur Web. Il convient toutefois de noter que cela peut signifier que tout opt-out ou pr\u00e9f\u00e9rence d\u00e9fini sur le site sera perdu.<br \/>\nVeuillez noter qu&rsquo;en d\u00e9sactivant les cookies, vous pouvez \u00e9galement limiter l&rsquo;utilisation des sites Web g\u00e9n\u00e9raux sur cet ordinateur. Pour en savoir plus sur les cookies, y compris comment voir comment les cookies ont \u00e9t\u00e9 cr\u00e9\u00e9s et comment les g\u00e9rer et les supprimer, visitez <a href=\"https:\/\/www.allaboutcookies.org\"> www.allaboutcookies.org <\/a> qui comprend des informations sur la gestion de vos param\u00e8tres pour les diff\u00e9rents navigateurs Web.<\/p>\n<h2> Google Analytics <\/h2>\n<p>Pour fournir aux utilisateurs du site davantage d&rsquo;options sur la fa\u00e7on dont leurs donn\u00e9es sont collect\u00e9es par Google Analytics, Google fournit un outil permettant de d\u00e9sactiver Google Analytics. Cet outil, gr\u00e2ce \u00e0 la fonctionnalit\u00e9 \u00ab\u00a0add-on\u00a0\u00bb, ordonne au JavaScript de Google Analytics de ne pas envoyer d&rsquo;informations sur votre visite sur le site \u00e0 Google Analytics. En savoir plus sur <a target=\"_blank\" href=\"https:\/\/tools.google.com\/dlpage\/gaoptout?hl=None\" rel=\"noopener noreferrer\"> Exclusion du navigateur Google Analytics <\/a><\/p>\n","protected":false},"excerpt":{"rendered":"<p>Toutes les informations personnelles collect\u00e9es seront utilis\u00e9es pour rendre votre visite sur notre site aussi productive et agr\u00e9able que possible. Il est important pour nous de garantir la confidentialit\u00e9 des donn\u00e9es personnelles des utilisateurs de notre site. Toutes les informations personnelles concernant les clients ou visiteurs utilisant notre site seront trait\u00e9es conform\u00e9ment \u00e0 la loi du 26 octobre 1998 sur la protection des donn\u00e9es &#8230;<\/p>\n","protected":false},"author":1,"featured_media":0,"parent":0,"menu_order":0,"comment_status":"closed","ping_status":"closed","template":"","meta":{"footnotes":""},"class_list":["post-18403","page","type-page","status-publish","hentry"],"yoast_head":"<!-- This site is optimized with the Yoast SEO plugin v27.3 - https:\/\/yoast.com\/product\/yoast-seo-wordpress\/ -->\n<title>Politique de confidentialit\u00e9 | Imobili\u00e1ria Santo Ant\u00f3nio | Portugal<\/title>\n<meta name=\"robots\" content=\"index, follow, max-snippet:-1, max-image-preview:large, max-video-preview:-1\" \/>\n<link rel=\"canonical\" href=\"https:\/\/www.imosantonio.pt\/fr\/politique-de-confidentialite\/\" \/>\n<meta property=\"og:locale\" content=\"fr_FR\" \/>\n<meta property=\"og:type\" content=\"article\" \/>\n<meta property=\"og:title\" content=\"Politique de confidentialit\u00e9 | Imobili\u00e1ria Santo Ant\u00f3nio | Portugal\" \/>\n<meta property=\"og:description\" content=\"Toutes les informations personnelles collect\u00e9es seront utilis\u00e9es pour rendre votre visite sur notre site aussi productive et agr\u00e9able que possible. Il est important pour nous de garantir la confidentialit\u00e9 des donn\u00e9es personnelles des utilisateurs de notre site. Toutes les informations personnelles concernant les clients ou visiteurs utilisant notre site seront trait\u00e9es conform\u00e9ment \u00e0 la loi du 26 octobre 1998 sur la protection des donn\u00e9es ...\" \/>\n<meta property=\"og:url\" content=\"https:\/\/www.imosantonio.pt\/fr\/politique-de-confidentialite\/\" \/>\n<meta property=\"og:site_name\" content=\"Imobili\u00e1ria Santo Ant\u00f3nio\" \/>\n<meta name=\"twitter:card\" content=\"summary_large_image\" \/>\n<meta name=\"twitter:label1\" content=\"Dur\u00e9e de lecture estim\u00e9e\" \/>\n\t<meta name=\"twitter:data1\" content=\"4 minutes\" \/>\n<script type=\"application\/ld+json\" class=\"yoast-schema-graph\">{\"@context\":\"https:\\\/\\\/schema.org\",\"@graph\":[{\"@type\":\"WebPage\",\"@id\":\"https:\\\/\\\/www.imosantonio.pt\\\/fr\\\/politique-de-confidentialite\\\/\",\"url\":\"https:\\\/\\\/www.imosantonio.pt\\\/fr\\\/politique-de-confidentialite\\\/\",\"name\":\"Politique de confidentialit\u00e9 | Imobili\u00e1ria Santo Ant\u00f3nio | Portugal\",\"isPartOf\":{\"@id\":\"https:\\\/\\\/www.imosantonio.pt\\\/#website\"},\"datePublished\":\"2019-12-12T12:41:54+00:00\",\"breadcrumb\":{\"@id\":\"https:\\\/\\\/www.imosantonio.pt\\\/fr\\\/politique-de-confidentialite\\\/#breadcrumb\"},\"inLanguage\":\"fr-FR\",\"potentialAction\":[{\"@type\":\"ReadAction\",\"target\":[\"https:\\\/\\\/www.imosantonio.pt\\\/fr\\\/politique-de-confidentialite\\\/\"]}]},{\"@type\":\"BreadcrumbList\",\"@id\":\"https:\\\/\\\/www.imosantonio.pt\\\/fr\\\/politique-de-confidentialite\\\/#breadcrumb\",\"itemListElement\":[{\"@type\":\"ListItem\",\"position\":1,\"name\":\"In\u00edcio\",\"item\":\"https:\\\/\\\/www.imosantonio.pt\\\/fr\\\/\"},{\"@type\":\"ListItem\",\"position\":2,\"name\":\"Politique de confidentialit\u00e9\"}]},{\"@type\":\"WebSite\",\"@id\":\"https:\\\/\\\/www.imosantonio.pt\\\/#website\",\"url\":\"https:\\\/\\\/www.imosantonio.pt\\\/\",\"name\":\"Imobili\u00e1ria Santo Ant\u00f3nio\",\"description\":\"Encontramos a casa ideal para si!\",\"publisher\":{\"@id\":\"https:\\\/\\\/www.imosantonio.pt\\\/#organization\"},\"potentialAction\":[{\"@type\":\"SearchAction\",\"target\":{\"@type\":\"EntryPoint\",\"urlTemplate\":\"https:\\\/\\\/www.imosantonio.pt\\\/?s={search_term_string}\"},\"query-input\":{\"@type\":\"PropertyValueSpecification\",\"valueRequired\":true,\"valueName\":\"search_term_string\"}}],\"inLanguage\":\"fr-FR\"},{\"@type\":\"Organization\",\"@id\":\"https:\\\/\\\/www.imosantonio.pt\\\/#organization\",\"name\":\"Imobili\u00e1ria Santo Ant\u00f3nio\",\"url\":\"https:\\\/\\\/www.imosantonio.pt\\\/\",\"logo\":{\"@type\":\"ImageObject\",\"inLanguage\":\"fr-FR\",\"@id\":\"https:\\\/\\\/www.imosantonio.pt\\\/#\\\/schema\\\/logo\\\/image\\\/\",\"url\":\"https:\\\/\\\/www.imosantonio.pt\\\/wp-content\\\/uploads\\\/2019\\\/12\\\/winte_on_red.jpg\",\"contentUrl\":\"https:\\\/\\\/www.imosantonio.pt\\\/wp-content\\\/uploads\\\/2019\\\/12\\\/winte_on_red.jpg\",\"width\":500,\"height\":250,\"caption\":\"Imobili\u00e1ria Santo Ant\u00f3nio\"},\"image\":{\"@id\":\"https:\\\/\\\/www.imosantonio.pt\\\/#\\\/schema\\\/logo\\\/image\\\/\"},\"sameAs\":[\"https:\\\/\\\/www.instagram.com\\\/imosantonio\"]}]}<\/script>\n<!-- \/ Yoast SEO plugin. -->","yoast_head_json":{"title":"Politique de confidentialit\u00e9 | Imobili\u00e1ria Santo Ant\u00f3nio | Portugal","robots":{"index":"index","follow":"follow","max-snippet":"max-snippet:-1","max-image-preview":"max-image-preview:large","max-video-preview":"max-video-preview:-1"},"canonical":"https:\/\/www.imosantonio.pt\/fr\/politique-de-confidentialite\/","og_locale":"fr_FR","og_type":"article","og_title":"Politique de confidentialit\u00e9 | Imobili\u00e1ria Santo Ant\u00f3nio | Portugal","og_description":"Toutes les informations personnelles collect\u00e9es seront utilis\u00e9es pour rendre votre visite sur notre site aussi productive et agr\u00e9able que possible. Il est important pour nous de garantir la confidentialit\u00e9 des donn\u00e9es personnelles des utilisateurs de notre site. Toutes les informations personnelles concernant les clients ou visiteurs utilisant notre site seront trait\u00e9es conform\u00e9ment \u00e0 la loi du 26 octobre 1998 sur la protection des donn\u00e9es ...","og_url":"https:\/\/www.imosantonio.pt\/fr\/politique-de-confidentialite\/","og_site_name":"Imobili\u00e1ria Santo Ant\u00f3nio","twitter_card":"summary_large_image","twitter_misc":{"Dur\u00e9e de lecture estim\u00e9e":"4 minutes"},"schema":{"@context":"https:\/\/schema.org","@graph":[{"@type":"WebPage","@id":"https:\/\/www.imosantonio.pt\/fr\/politique-de-confidentialite\/","url":"https:\/\/www.imosantonio.pt\/fr\/politique-de-confidentialite\/","name":"Politique de confidentialit\u00e9 | Imobili\u00e1ria Santo Ant\u00f3nio | Portugal","isPartOf":{"@id":"https:\/\/www.imosantonio.pt\/#website"},"datePublished":"2019-12-12T12:41:54+00:00","breadcrumb":{"@id":"https:\/\/www.imosantonio.pt\/fr\/politique-de-confidentialite\/#breadcrumb"},"inLanguage":"fr-FR","potentialAction":[{"@type":"ReadAction","target":["https:\/\/www.imosantonio.pt\/fr\/politique-de-confidentialite\/"]}]},{"@type":"BreadcrumbList","@id":"https:\/\/www.imosantonio.pt\/fr\/politique-de-confidentialite\/#breadcrumb","itemListElement":[{"@type":"ListItem","position":1,"name":"In\u00edcio","item":"https:\/\/www.imosantonio.pt\/fr\/"},{"@type":"ListItem","position":2,"name":"Politique de confidentialit\u00e9"}]},{"@type":"WebSite","@id":"https:\/\/www.imosantonio.pt\/#website","url":"https:\/\/www.imosantonio.pt\/","name":"Imobili\u00e1ria Santo Ant\u00f3nio","description":"Encontramos a casa ideal para si!","publisher":{"@id":"https:\/\/www.imosantonio.pt\/#organization"},"potentialAction":[{"@type":"SearchAction","target":{"@type":"EntryPoint","urlTemplate":"https:\/\/www.imosantonio.pt\/?s={search_term_string}"},"query-input":{"@type":"PropertyValueSpecification","valueRequired":true,"valueName":"search_term_string"}}],"inLanguage":"fr-FR"},{"@type":"Organization","@id":"https:\/\/www.imosantonio.pt\/#organization","name":"Imobili\u00e1ria Santo Ant\u00f3nio","url":"https:\/\/www.imosantonio.pt\/","logo":{"@type":"ImageObject","inLanguage":"fr-FR","@id":"https:\/\/www.imosantonio.pt\/#\/schema\/logo\/image\/","url":"https:\/\/www.imosantonio.pt\/wp-content\/uploads\/2019\/12\/winte_on_red.jpg","contentUrl":"https:\/\/www.imosantonio.pt\/wp-content\/uploads\/2019\/12\/winte_on_red.jpg","width":500,"height":250,"caption":"Imobili\u00e1ria Santo Ant\u00f3nio"},"image":{"@id":"https:\/\/www.imosantonio.pt\/#\/schema\/logo\/image\/"},"sameAs":["https:\/\/www.instagram.com\/imosantonio"]}]}},"post_mailing_queue_ids":[],"_links":{"self":[{"href":"https:\/\/www.imosantonio.pt\/fr\/wp-json\/wp\/v2\/pages\/18403\/"}],"collection":[{"href":"https:\/\/www.imosantonio.pt\/fr\/wp-json\/wp\/v2\/pages\/"}],"about":[{"href":"https:\/\/www.imosantonio.pt\/fr\/wp-json\/wp\/v2\/types\/page\/"}],"author":[{"embeddable":true,"href":"https:\/\/www.imosantonio.pt\/fr\/wp-json\/wp\/v2\/users\/1\/"}],"replies":[{"embeddable":true,"href":"https:\/\/www.imosantonio.pt\/fr\/wp-json\/wp\/v2\/comments\/?post=18403"}],"version-history":[{"count":0,"href":"https:\/\/www.imosantonio.pt\/fr\/wp-json\/wp\/v2\/pages\/18403\/revisions\/"}],"wp:attachment":[{"href":"https:\/\/www.imosantonio.pt\/fr\/wp-json\/wp\/v2\/media\/?parent=18403"}],"curies":[{"name":"wp","href":"https:\/\/api.w.org\/{rel}","templated":true}]}}